{"id":586,"date":"2023-09-05T13:37:50","date_gmt":"2023-09-05T13:37:50","guid":{"rendered":"https:\/\/olis1921.com\/inicio\/"},"modified":"2024-11-20T18:36:35","modified_gmt":"2024-11-20T18:36:35","slug":"inicio","status":"publish","type":"page","link":"https:\/\/olis1921.com\/es\/","title":{"rendered":"Inicio"},"content":{"rendered":"\n<style type=\"text\/css\" data-created_by=\"avia_inline_auto\" id=\"style-css-av-llkkmzyu-9ed8495add25ae71a7e7852ae0e7ad77\">\n.av-horizontal-gallery.av-llkkmzyu-9ed8495add25ae71a7e7852ae0e7ad77 .av-horizontal-gallery-inner{\npadding-bottom:35%;\n}\n<\/style>\n<div  class='av-horizontal-gallery av-llkkmzyu-9ed8495add25ae71a7e7852ae0e7ad77 av-horizontal-gallery-1px-gap av-horizontal-gallery--effect  avia-builder-el-0  el_before_av_textblock  avia-builder-el-first  av-slideshow-ui av-control-default av-slideshow-manual av-loop-once av-loop-manual-once av-horizontal-gallery-1' data-slideshow-data=\"{&quot;animation&quot;:&quot;slide&quot;,&quot;autoplay&quot;:false,&quot;loop_autoplay&quot;:&quot;once&quot;,&quot;interval&quot;:5,&quot;loop_manual&quot;:&quot;manual-once&quot;,&quot;autoplay_stopper&quot;:false,&quot;noNavigation&quot;:false,&quot;bg_slider&quot;:false,&quot;keep_padding&quot;:&quot;&quot;,&quot;hoverpause&quot;:false,&quot;show_slide_delay&quot;:0}\"  itemprop=\"image\" itemscope=\"itemscope\" itemtype=\"https:\/\/schema.org\/ImageObject\" ><div class='avia-slideshow-arrows avia-slideshow-controls' ><a href='#prev' class='prev-slide av-horizontal-gallery-prev' aria-hidden='true' data-av_icon='\ue87c' data-av_iconfont='entypo-fontello'  tabindex='-1'>Anterior<\/a><a href='#next' class='next-slide av-horizontal-gallery-next' aria-hidden='true' data-av_icon='\ue87d' data-av_iconfont='entypo-fontello'  tabindex='-1'>Posterior<\/a><\/div><div class='avia-slideshow-dots avia-slideshow-controls av-horizontal-gallery-dots fade-in'><a href='#1' class='goto-slide active' >1<\/a><a href='#2' class='goto-slide ' >2<\/a><a href='#3' class='goto-slide ' >3<\/a><a href='#4' class='goto-slide ' >4<\/a><\/div><div class='av-horizontal-gallery-inner' data-av-height='35'><div class=\"av-horizontal-gallery-slider\"><div class=\"av-horizontal-gallery-wrap noHover\"><img decoding=\"async\" class='wp-image-475 avia-img-lazy-loading-not-475 av-horizontal-gallery-img' width=\"808\" height=\"1030\" src=\"https:\/\/olis1921.com\/wp-content\/uploads\/2023\/08\/olis1921-portada1-808x1030.jpg\" title='olis1921-portada1' alt='' srcset=\"https:\/\/olis1921.com\/wp-content\/uploads\/2023\/08\/olis1921-portada1-808x1030.jpg 808w, https:\/\/olis1921.com\/wp-content\/uploads\/2023\/08\/olis1921-portada1-235x300.jpg 235w, https:\/\/olis1921.com\/wp-content\/uploads\/2023\/08\/olis1921-portada1-768x978.jpg 768w, https:\/\/olis1921.com\/wp-content\/uploads\/2023\/08\/olis1921-portada1-1206x1536.jpg 1206w, https:\/\/olis1921.com\/wp-content\/uploads\/2023\/08\/olis1921-portada1-1177x1500.jpg 1177w, https:\/\/olis1921.com\/wp-content\/uploads\/2023\/08\/olis1921-portada1-553x705.jpg 553w, https:\/\/olis1921.com\/wp-content\/uploads\/2023\/08\/olis1921-portada1.jpg 1507w\" sizes=\"(max-width: 808px) 100vw, 808px\" \/><a href=\"https:\/\/olis1921.com\/wp-content\/uploads\/2023\/08\/olis1921-portada1-808x1030.jpg\" data-srcset=\"https:\/\/olis1921.com\/wp-content\/uploads\/2023\/08\/olis1921-portada1-808x1030.jpg 808w, https:\/\/olis1921.com\/wp-content\/uploads\/2023\/08\/olis1921-portada1-235x300.jpg 235w, https:\/\/olis1921.com\/wp-content\/uploads\/2023\/08\/olis1921-portada1-768x978.jpg 768w, https:\/\/olis1921.com\/wp-content\/uploads\/2023\/08\/olis1921-portada1-1206x1536.jpg 1206w, https:\/\/olis1921.com\/wp-content\/uploads\/2023\/08\/olis1921-portada1-1177x1500.jpg 1177w, https:\/\/olis1921.com\/wp-content\/uploads\/2023\/08\/olis1921-portada1-553x705.jpg 553w, https:\/\/olis1921.com\/wp-content\/uploads\/2023\/08\/olis1921-portada1.jpg 1507w\" data-sizes=\"(max-width: 808px) 100vw, 808px\" class='av-horizontal-gallery-link' aria-hidden='true' data-av_icon='\ue869' data-av_iconfont='entypo-fontello' title='olis1921-portada1' alt=''><\/a><\/div><div class=\"av-horizontal-gallery-wrap noHover\"><img decoding=\"async\" class='wp-image-476 avia-img-lazy-loading-not-476 av-horizontal-gallery-img' width=\"773\" height=\"1030\" src=\"https:\/\/olis1921.com\/wp-content\/uploads\/2023\/08\/olis1921-portada2-773x1030.jpg\" title='olis1921-portada2' alt='' srcset=\"https:\/\/olis1921.com\/wp-content\/uploads\/2023\/08\/olis1921-portada2-773x1030.jpg 773w, https:\/\/olis1921.com\/wp-content\/uploads\/2023\/08\/olis1921-portada2-225x300.jpg 225w, https:\/\/olis1921.com\/wp-content\/uploads\/2023\/08\/olis1921-portada2-768x1024.jpg 768w, https:\/\/olis1921.com\/wp-content\/uploads\/2023\/08\/olis1921-portada2-1152x1536.jpg 1152w, https:\/\/olis1921.com\/wp-content\/uploads\/2023\/08\/olis1921-portada2-1125x1500.jpg 1125w, https:\/\/olis1921.com\/wp-content\/uploads\/2023\/08\/olis1921-portada2-529x705.jpg 529w, https:\/\/olis1921.com\/wp-content\/uploads\/2023\/08\/olis1921-portada2.jpg 1440w\" sizes=\"(max-width: 773px) 100vw, 773px\" \/><a href=\"https:\/\/olis1921.com\/wp-content\/uploads\/2023\/08\/olis1921-portada2-773x1030.jpg\" data-srcset=\"https:\/\/olis1921.com\/wp-content\/uploads\/2023\/08\/olis1921-portada2-773x1030.jpg 773w, https:\/\/olis1921.com\/wp-content\/uploads\/2023\/08\/olis1921-portada2-225x300.jpg 225w, https:\/\/olis1921.com\/wp-content\/uploads\/2023\/08\/olis1921-portada2-768x1024.jpg 768w, https:\/\/olis1921.com\/wp-content\/uploads\/2023\/08\/olis1921-portada2-1152x1536.jpg 1152w, https:\/\/olis1921.com\/wp-content\/uploads\/2023\/08\/olis1921-portada2-1125x1500.jpg 1125w, https:\/\/olis1921.com\/wp-content\/uploads\/2023\/08\/olis1921-portada2-529x705.jpg 529w, https:\/\/olis1921.com\/wp-content\/uploads\/2023\/08\/olis1921-portada2.jpg 1440w\" data-sizes=\"(max-width: 773px) 100vw, 773px\" class='av-horizontal-gallery-link' aria-hidden='true' data-av_icon='\ue869' data-av_iconfont='entypo-fontello' title='olis1921-portada2' alt=''><\/a><\/div><div class=\"av-horizontal-gallery-wrap noHover\"><img decoding=\"async\" class='wp-image-477 avia-img-lazy-loading-not-477 av-horizontal-gallery-img' width=\"773\" height=\"1030\" src=\"https:\/\/olis1921.com\/wp-content\/uploads\/2023\/08\/olis1921-portada3-773x1030.jpg\" title='olis1921-portada3' alt='' srcset=\"https:\/\/olis1921.com\/wp-content\/uploads\/2023\/08\/olis1921-portada3-773x1030.jpg 773w, https:\/\/olis1921.com\/wp-content\/uploads\/2023\/08\/olis1921-portada3-225x300.jpg 225w, https:\/\/olis1921.com\/wp-content\/uploads\/2023\/08\/olis1921-portada3-768x1024.jpg 768w, https:\/\/olis1921.com\/wp-content\/uploads\/2023\/08\/olis1921-portada3-1152x1536.jpg 1152w, https:\/\/olis1921.com\/wp-content\/uploads\/2023\/08\/olis1921-portada3-1125x1500.jpg 1125w, https:\/\/olis1921.com\/wp-content\/uploads\/2023\/08\/olis1921-portada3-529x705.jpg 529w, https:\/\/olis1921.com\/wp-content\/uploads\/2023\/08\/olis1921-portada3.jpg 1440w\" sizes=\"(max-width: 773px) 100vw, 773px\" \/><a href=\"https:\/\/olis1921.com\/wp-content\/uploads\/2023\/08\/olis1921-portada3-773x1030.jpg\" data-srcset=\"https:\/\/olis1921.com\/wp-content\/uploads\/2023\/08\/olis1921-portada3-773x1030.jpg 773w, https:\/\/olis1921.com\/wp-content\/uploads\/2023\/08\/olis1921-portada3-225x300.jpg 225w, https:\/\/olis1921.com\/wp-content\/uploads\/2023\/08\/olis1921-portada3-768x1024.jpg 768w, https:\/\/olis1921.com\/wp-content\/uploads\/2023\/08\/olis1921-portada3-1152x1536.jpg 1152w, https:\/\/olis1921.com\/wp-content\/uploads\/2023\/08\/olis1921-portada3-1125x1500.jpg 1125w, https:\/\/olis1921.com\/wp-content\/uploads\/2023\/08\/olis1921-portada3-529x705.jpg 529w, https:\/\/olis1921.com\/wp-content\/uploads\/2023\/08\/olis1921-portada3.jpg 1440w\" data-sizes=\"(max-width: 773px) 100vw, 773px\" class='av-horizontal-gallery-link' aria-hidden='true' data-av_icon='\ue869' data-av_iconfont='entypo-fontello' title='olis1921-portada3' alt=''><\/a><\/div><div class=\"av-horizontal-gallery-wrap noHover\"><img decoding=\"async\" class='wp-image-478 avia-img-lazy-loading-not-478 av-horizontal-gallery-img' width=\"773\" height=\"1030\" src=\"https:\/\/olis1921.com\/wp-content\/uploads\/2023\/08\/olis1921-portada4-773x1030.jpg\" title='olis1921-portada4' alt='' srcset=\"https:\/\/olis1921.com\/wp-content\/uploads\/2023\/08\/olis1921-portada4-773x1030.jpg 773w, https:\/\/olis1921.com\/wp-content\/uploads\/2023\/08\/olis1921-portada4-225x300.jpg 225w, https:\/\/olis1921.com\/wp-content\/uploads\/2023\/08\/olis1921-portada4-768x1024.jpg 768w, https:\/\/olis1921.com\/wp-content\/uploads\/2023\/08\/olis1921-portada4-1152x1536.jpg 1152w, https:\/\/olis1921.com\/wp-content\/uploads\/2023\/08\/olis1921-portada4-1125x1500.jpg 1125w, https:\/\/olis1921.com\/wp-content\/uploads\/2023\/08\/olis1921-portada4-529x705.jpg 529w, https:\/\/olis1921.com\/wp-content\/uploads\/2023\/08\/olis1921-portada4.jpg 1440w\" sizes=\"(max-width: 773px) 100vw, 773px\" \/><a href=\"https:\/\/olis1921.com\/wp-content\/uploads\/2023\/08\/olis1921-portada4-773x1030.jpg\" data-srcset=\"https:\/\/olis1921.com\/wp-content\/uploads\/2023\/08\/olis1921-portada4-773x1030.jpg 773w, https:\/\/olis1921.com\/wp-content\/uploads\/2023\/08\/olis1921-portada4-225x300.jpg 225w, https:\/\/olis1921.com\/wp-content\/uploads\/2023\/08\/olis1921-portada4-768x1024.jpg 768w, https:\/\/olis1921.com\/wp-content\/uploads\/2023\/08\/olis1921-portada4-1152x1536.jpg 1152w, https:\/\/olis1921.com\/wp-content\/uploads\/2023\/08\/olis1921-portada4-1125x1500.jpg 1125w, https:\/\/olis1921.com\/wp-content\/uploads\/2023\/08\/olis1921-portada4-529x705.jpg 529w, https:\/\/olis1921.com\/wp-content\/uploads\/2023\/08\/olis1921-portada4.jpg 1440w\" data-sizes=\"(max-width: 773px) 100vw, 773px\" class='av-horizontal-gallery-link' aria-hidden='true' data-av_icon='\ue869' data-av_iconfont='entypo-fontello' title='olis1921-portada4' alt=''><\/a><\/div><\/div><\/div><\/div>\n<section  class='av_textblock_section av-llkl7qlt-ed6da15d5bbb321c0b8bfaa103cc49e4 '   itemscope=\"itemscope\" itemtype=\"https:\/\/schema.org\/CreativeWork\" ><div class='avia_textblock'  itemprop=\"text\" ><blockquote>\n<p>La tienda OLIS 1921 fue inaugurada el 23 de diciembre de 2017. Est\u00e1 ubicada en la calle Enten\u00e7a, 126 en el barrio de la Nova Esquerra del Eixample de Barcelona. Estamos especializados en la venta de <strong>aceite de oliva virgen extra de la variedad arbequina<\/strong>, de <strong>producci\u00f3n integrada de la cooperativa de Bellaguarda<\/strong> y de <strong>producci\u00f3n ecol\u00f3gica<\/strong>\u00a0de las <strong>cooperativas de Juncosa y El Cogul<\/strong>, todas ubicadas en la comarca de Les Garrigues (Lleida) y de la <strong>cooperativa de La Palma de Ebre<\/strong> ubicada en la comarca de la Ribera de Ebro (Tarragona).<\/p>\n<p>Asesoramos en el proceso de elecci\u00f3n de nuestros aceites de oliva virgen extra de arbequina y ofrecemos la posibilidad de catarlos.<\/p>\n<p>Informamos de la situaci\u00f3n del mercado del aceite de oliva virgen extra, de las expectativas de producci\u00f3n, de la evoluci\u00f3n de los precios de la campa\u00f1a ole\u00edcola en curso y de todo aquello que rodea al mundo del aceite de oliva virgen extra.<\/p>\n<p>Divulgamos la cultura del aceite de oliva virgen extra y fomentamos su consumo.<\/p>\n<\/blockquote>\n<\/div><\/section>\n<div  class='av_promobox av-ljflolkd-50d50f07c64522b77af543e1534afda0 avia-button-yes  avia-builder-el-2  el_after_av_textblock  avia-builder-el-last '><div class='avia-promocontent'><p>\n<strong>Contacta con nosotros. Estaremos encantados de atenderte<\/strong><\/p>\n<\/div><div  class='avia-button-wrap av-ljflolkd-742e4b872af1009e00f9d10f18efff1c-wrap avia-button-right '><a href='\/contacte\/'  class='avia-button av-ljflolkd-742e4b872af1009e00f9d10f18efff1c avia-icon_select-no avia-size-large avia-position-right avia-color-theme-color'  ><span class='avia_iconbox_title' >Contacta<\/span><\/a><\/div><\/div>\n","protected":false},"excerpt":{"rendered":"","protected":false},"author":3,"featured_media":0,"parent":0,"menu_order":0,"comment_status":"closed","ping_status":"closed","template":"","meta":{"footnotes":""},"class_list":["post-586","page","type-page","status-publish","hentry"],"yoast_head":"<!-- This site is optimized with the Yoast SEO plugin v27.0 - https:\/\/yoast.com\/product\/yoast-seo-wordpress\/ -->\n<title>Inicio - Olis 1921<\/title>\n<meta name=\"robots\" content=\"index, follow, max-snippet:-1, max-image-preview:large, max-video-preview:-1\" \/>\n<link rel=\"canonical\" href=\"https:\/\/olis1921.com\/es\/inicio\/\" \/>\n<meta property=\"og:locale\" content=\"es_ES\" \/>\n<meta property=\"og:type\" content=\"article\" \/>\n<meta property=\"og:title\" content=\"Inicio - Olis 1921\" \/>\n<meta property=\"og:url\" content=\"https:\/\/olis1921.com\/es\/inicio\/\" \/>\n<meta property=\"og:site_name\" content=\"Olis 1921\" \/>\n<meta property=\"article:modified_time\" content=\"2024-11-20T18:36:35+00:00\" \/>\n<meta name=\"twitter:card\" content=\"summary_large_image\" \/>\n<meta name=\"twitter:label1\" content=\"Tiempo de lectura\" \/>\n\t<meta name=\"twitter:data1\" content=\"1 minuto\" \/>\n<script type=\"application\/ld+json\" class=\"yoast-schema-graph\">{\"@context\":\"https:\/\/schema.org\",\"@graph\":[{\"@type\":\"WebPage\",\"@id\":\"https:\/\/olis1921.com\/es\/inicio\/\",\"url\":\"https:\/\/olis1921.com\/es\/inicio\/\",\"name\":\"Inicio - Olis 1921\",\"isPartOf\":{\"@id\":\"https:\/\/olis1921.com\/#website\"},\"datePublished\":\"2023-09-05T13:37:50+00:00\",\"dateModified\":\"2024-11-20T18:36:35+00:00\",\"breadcrumb\":{\"@id\":\"https:\/\/olis1921.com\/es\/inicio\/#breadcrumb\"},\"inLanguage\":\"es\",\"potentialAction\":[{\"@type\":\"ReadAction\",\"target\":[\"https:\/\/olis1921.com\/es\/inicio\/\"]}]},{\"@type\":\"BreadcrumbList\",\"@id\":\"https:\/\/olis1921.com\/es\/inicio\/#breadcrumb\",\"itemListElement\":[{\"@type\":\"ListItem\",\"position\":1,\"name\":\"Inici\",\"item\":\"https:\/\/olis1921.com\/es\/inicio\/\"},{\"@type\":\"ListItem\",\"position\":2,\"name\":\"Inicio\"}]},{\"@type\":\"WebSite\",\"@id\":\"https:\/\/olis1921.com\/#website\",\"url\":\"https:\/\/olis1921.com\/\",\"name\":\"Olis 1921\",\"description\":\"Oli d&#039;oliva verge extra 100% d&#039;arbequina\",\"potentialAction\":[{\"@type\":\"SearchAction\",\"target\":{\"@type\":\"EntryPoint\",\"urlTemplate\":\"https:\/\/olis1921.com\/?s={search_term_string}\"},\"query-input\":{\"@type\":\"PropertyValueSpecification\",\"valueRequired\":true,\"valueName\":\"search_term_string\"}}],\"inLanguage\":\"es\"}]}<\/script>\n<!-- \/ Yoast SEO plugin. -->","yoast_head_json":{"title":"Inicio - Olis 1921","robots":{"index":"index","follow":"follow","max-snippet":"max-snippet:-1","max-image-preview":"max-image-preview:large","max-video-preview":"max-video-preview:-1"},"canonical":"https:\/\/olis1921.com\/es\/inicio\/","og_locale":"es_ES","og_type":"article","og_title":"Inicio - Olis 1921","og_url":"https:\/\/olis1921.com\/es\/inicio\/","og_site_name":"Olis 1921","article_modified_time":"2024-11-20T18:36:35+00:00","twitter_card":"summary_large_image","twitter_misc":{"Tiempo de lectura":"1 minuto"},"schema":{"@context":"https:\/\/schema.org","@graph":[{"@type":"WebPage","@id":"https:\/\/olis1921.com\/es\/inicio\/","url":"https:\/\/olis1921.com\/es\/inicio\/","name":"Inicio - Olis 1921","isPartOf":{"@id":"https:\/\/olis1921.com\/#website"},"datePublished":"2023-09-05T13:37:50+00:00","dateModified":"2024-11-20T18:36:35+00:00","breadcrumb":{"@id":"https:\/\/olis1921.com\/es\/inicio\/#breadcrumb"},"inLanguage":"es","potentialAction":[{"@type":"ReadAction","target":["https:\/\/olis1921.com\/es\/inicio\/"]}]},{"@type":"BreadcrumbList","@id":"https:\/\/olis1921.com\/es\/inicio\/#breadcrumb","itemListElement":[{"@type":"ListItem","position":1,"name":"Inici","item":"https:\/\/olis1921.com\/es\/inicio\/"},{"@type":"ListItem","position":2,"name":"Inicio"}]},{"@type":"WebSite","@id":"https:\/\/olis1921.com\/#website","url":"https:\/\/olis1921.com\/","name":"Olis 1921","description":"Oli d&#039;oliva verge extra 100% d&#039;arbequina","potentialAction":[{"@type":"SearchAction","target":{"@type":"EntryPoint","urlTemplate":"https:\/\/olis1921.com\/?s={search_term_string}"},"query-input":{"@type":"PropertyValueSpecification","valueRequired":true,"valueName":"search_term_string"}}],"inLanguage":"es"}]}},"_links":{"self":[{"href":"https:\/\/olis1921.com\/es\/wp-json\/wp\/v2\/pages\/586","targetHints":{"allow":["GET"]}}],"collection":[{"href":"https:\/\/olis1921.com\/es\/wp-json\/wp\/v2\/pages"}],"about":[{"href":"https:\/\/olis1921.com\/es\/wp-json\/wp\/v2\/types\/page"}],"author":[{"embeddable":true,"href":"https:\/\/olis1921.com\/es\/wp-json\/wp\/v2\/users\/3"}],"replies":[{"embeddable":true,"href":"https:\/\/olis1921.com\/es\/wp-json\/wp\/v2\/comments?post=586"}],"version-history":[{"count":4,"href":"https:\/\/olis1921.com\/es\/wp-json\/wp\/v2\/pages\/586\/revisions"}],"predecessor-version":[{"id":987,"href":"https:\/\/olis1921.com\/es\/wp-json\/wp\/v2\/pages\/586\/revisions\/987"}],"wp:attachment":[{"href":"https:\/\/olis1921.com\/es\/wp-json\/wp\/v2\/media?parent=586"}],"curies":[{"name":"wp","href":"https:\/\/api.w.org\/{rel}","templated":true}]}}